{"id":4972,"date":"2022-09-15T17:53:40","date_gmt":"2022-09-15T15:53:40","guid":{"rendered":"http:\/\/frenchvipservice.com\/?page_id=4972"},"modified":"2023-01-30T11:24:57","modified_gmt":"2023-01-30T10:24:57","slug":"key-west-visites-excursions","status":"publish","type":"page","link":"https:\/\/frenchvipservice.com\/en_us\/key-west-visites-excursions\/","title":{"rendered":"Key West | Visits &amp; Excursions"},"content":{"rendered":"<div data-elementor-type=\"wp-page\" data-elementor-id=\"4972\" class=\"elementor elementor-4972\" data-elementor-settings=\"[]\">\n\t\t\t\t\t\t\t<div class=\"elementor-section-wrap\">\n\t\t\t\t\t\t\t<section class=\"elementor-section elementor-top-section elementor-element elementor-element-26715eb3 elementor-section-full_width elementor-section-stretched elementor-section-height-default elementor-section-height-default\" data-id=\"26715eb3\" data-element_type=\"section\" data-settings=\"{&quot;stretch_section&quot;:&quot;section-stretched&quot;,&quot;background_background&quot;:&quot;classic&quot;,&quot;shape_divider_bottom&quot;:&quot;opacity-tilt&quot;,&quot;ekit_has_onepagescroll_dot&quot;:&quot;yes&quot;}\">\n\t\t\t\t\t\t\t<div class=\"elementor-background-overlay\"><\/div>\n\t\t\t\t\t\t<div class=\"elementor-shape elementor-shape-bottom\" data-negative=\"false\">\n\t\t\t<svg xmlns=\"http:\/\/www.w3.org\/2000\/svg\" viewbox=\"0 0 2600 131.1\" preserveaspectratio=\"none\">\n\t<path class=\"elementor-shape-fill\" d=\"M0 0L2600 0 2600 69.1 0 0z\"\/>\n\t<path class=\"elementor-shape-fill\" style=\"opacity:0.5\" d=\"M0 0L2600 0 2600 69.1 0 69.1z\"\/>\n\t<path class=\"elementor-shape-fill\" style=\"opacity:0.25\" d=\"M2600 0L0 0 0 130.1 2600 69.1z\"\/>\n<\/svg>\t\t<\/div>\n\t\t\t\t\t<div class=\"elementor-container elementor-column-gap-narrow\">\n\t\t\t\t\t<div class=\"elementor-column elementor-col-100 elementor-top-column elementor-element elementor-element-6e589fe5\" data-id=\"6e589fe5\" data-element_type=\"column\">\n\t\t\t<div class=\"elementor-widget-wrap elementor-element-populated\">\n\t\t\t\t\t\t\t\t<div class=\"elementor-element elementor-element-febd81e elementor-widget elementor-widget-spacer\" data-id=\"febd81e\" data-element_type=\"widget\" data-settings=\"{&quot;ekit_we_effect_on&quot;:&quot;none&quot;}\" data-widget_type=\"spacer.default\">\n\t\t\t\t<div class=\"elementor-widget-container\">\n\t\t\t\t\t<div class=\"elementor-spacer\">\n\t\t\t<div class=\"elementor-spacer-inner\"><\/div>\n\t\t<\/div>\n\t\t\t\t<\/div>\n\t\t\t\t<\/div>\n\t\t\t\t<div class=\"elementor-element elementor-element-53378ad elementor-widget elementor-widget-heading\" data-id=\"53378ad\" data-element_type=\"widget\" data-settings=\"{&quot;ekit_we_effect_on&quot;:&quot;none&quot;}\" data-widget_type=\"heading.default\">\n\t\t\t\t<div class=\"elementor-widget-container\">\n\t\t\t<h1 class=\"elementor-heading-title elementor-size-default\">Visits &amp; Excursions<\/h1>\t\t<\/div>\n\t\t\t\t<\/div>\n\t\t\t\t<div class=\"elementor-element elementor-element-31f8ad1d elementor-widget elementor-widget-text-editor\" data-id=\"31f8ad1d\" data-element_type=\"widget\" data-settings=\"{&quot;ekit_we_effect_on&quot;:&quot;none&quot;}\" data-widget_type=\"text-editor.default\">\n\t\t\t\t<div class=\"elementor-widget-container\">\n\t\t\t\t\t<div class=\"elementor-text-editor elementor-clearfix\"><p>Want to go for a little ride?<\/p>\n<p>Come discover and enjoy the best activities in Key West at low prices!<\/p>\n<p>We will accompany you throughout your stay so that you can enjoy it with complete peace of mind!<\/p><\/div>\n\t\t\t\t<\/div>\n\t\t\t\t<\/div>\n\t\t\t\t<div class=\"elementor-element elementor-element-1823e196 elementor-widget elementor-widget-spacer\" data-id=\"1823e196\" data-element_type=\"widget\" data-settings=\"{&quot;ekit_we_effect_on&quot;:&quot;none&quot;}\" data-widget_type=\"spacer.default\">\n\t\t\t\t<div class=\"elementor-widget-container\">\n\t\t\t\t\t<div class=\"elementor-spacer\">\n\t\t\t<div class=\"elementor-spacer-inner\"><\/div>\n\t\t<\/div>\n\t\t\t\t<\/div>\n\t\t\t\t<\/div>\n\t\t\t\t\t<\/div>\n\t\t<\/div>\n\t\t\t\t\t\t\t<\/div>\n\t\t<\/section>\n\t\t\t\t<section class=\"elementor-section elementor-top-section elementor-element elementor-element-713fd27 elementor-section-full_width elementor-section-stretched elementor-section-height-default elementor-section-height-default\" data-id=\"713fd27\" data-element_type=\"section\" data-settings=\"{&quot;stretch_section&quot;:&quot;section-stretched&quot;,&quot;ekit_has_onepagescroll_dot&quot;:&quot;yes&quot;}\">\n\t\t\t\t\t\t<div class=\"elementor-container elementor-column-gap-default\">\n\t\t\t\t\t<div class=\"elementor-column elementor-col-33 elementor-top-column elementor-element elementor-element-be1d5cc\" data-id=\"be1d5cc\" data-element_type=\"column\">\n\t\t\t<div class=\"elementor-widget-wrap\">\n\t\t\t\t\t\t\t\t\t<\/div>\n\t\t<\/div>\n\t\t\t\t<div class=\"elementor-column elementor-col-33 elementor-top-column elementor-element elementor-element-297cec7\" data-id=\"297cec7\" data-element_type=\"column\">\n\t\t\t<div class=\"elementor-widget-wrap\">\n\t\t\t\t\t\t\t\t\t<\/div>\n\t\t<\/div>\n\t\t\t\t<div class=\"elementor-column elementor-col-33 elementor-top-column elementor-element elementor-element-582753d\" data-id=\"582753d\" data-element_type=\"column\">\n\t\t\t<div class=\"elementor-widget-wrap\">\n\t\t\t\t\t\t\t\t\t<\/div>\n\t\t<\/div>\n\t\t\t\t\t\t\t<\/div>\n\t\t<\/section>\n\t\t\t\t<section class=\"elementor-section elementor-top-section elementor-element elementor-element-76850f6 elementor-section-full_width elementor-section-stretched elementor-section-height-default elementor-section-height-default\" data-id=\"76850f6\" data-element_type=\"section\" data-settings=\"{&quot;stretch_section&quot;:&quot;section-stretched&quot;,&quot;ekit_has_onepagescroll_dot&quot;:&quot;yes&quot;}\">\n\t\t\t\t\t\t<div class=\"elementor-container elementor-column-gap-default\">\n\t\t\t\t\t<div class=\"elementor-column elementor-col-33 elementor-top-column elementor-element elementor-element-17cba7a\" data-id=\"17cba7a\" data-element_type=\"column\">\n\t\t\t<div class=\"elementor-widget-wrap\">\n\t\t\t\t\t\t\t\t\t<\/div>\n\t\t<\/div>\n\t\t\t\t<div class=\"elementor-column elementor-col-33 elementor-top-column elementor-element elementor-element-7e8e478\" data-id=\"7e8e478\" data-element_type=\"column\">\n\t\t\t<div class=\"elementor-widget-wrap\">\n\t\t\t\t\t\t\t\t\t<\/div>\n\t\t<\/div>\n\t\t\t\t<div class=\"elementor-column elementor-col-33 elementor-top-column elementor-element elementor-element-ad44fa9\" data-id=\"ad44fa9\" data-element_type=\"column\">\n\t\t\t<div class=\"elementor-widget-wrap\">\n\t\t\t\t\t\t\t\t\t<\/div>\n\t\t<\/div>\n\t\t\t\t\t\t\t<\/div>\n\t\t<\/section>\n\t\t\t\t<section class=\"elementor-section elementor-top-section elementor-element elementor-element-14b6951 elementor-section-full_width elementor-section-stretched elementor-section-height-default elementor-section-height-default\" data-id=\"14b6951\" data-element_type=\"section\" data-settings=\"{&quot;stretch_section&quot;:&quot;section-stretched&quot;,&quot;background_background&quot;:&quot;classic&quot;,&quot;shape_divider_bottom&quot;:&quot;opacity-tilt&quot;,&quot;ekit_has_onepagescroll_dot&quot;:&quot;yes&quot;}\">\n\t\t\t\t\t<div class=\"elementor-shape elementor-shape-bottom\" data-negative=\"false\">\n\t\t\t<svg xmlns=\"http:\/\/www.w3.org\/2000\/svg\" viewbox=\"0 0 2600 131.1\" preserveaspectratio=\"none\">\n\t<path class=\"elementor-shape-fill\" d=\"M0 0L2600 0 2600 69.1 0 0z\"\/>\n\t<path class=\"elementor-shape-fill\" style=\"opacity:0.5\" d=\"M0 0L2600 0 2600 69.1 0 69.1z\"\/>\n\t<path class=\"elementor-shape-fill\" style=\"opacity:0.25\" d=\"M2600 0L0 0 0 130.1 2600 69.1z\"\/>\n<\/svg>\t\t<\/div>\n\t\t\t\t\t<div class=\"elementor-container elementor-column-gap-default\">\n\t\t\t\t\t<div class=\"elementor-column elementor-col-100 elementor-top-column elementor-element elementor-element-eb1bd14\" data-id=\"eb1bd14\" data-element_type=\"column\">\n\t\t\t<div class=\"elementor-widget-wrap elementor-element-populated\">\n\t\t\t\t\t\t\t\t<div class=\"elementor-element elementor-element-1dd210a elementor-widget elementor-widget-spacer\" data-id=\"1dd210a\" data-element_type=\"widget\" data-settings=\"{&quot;ekit_we_effect_on&quot;:&quot;none&quot;}\" data-widget_type=\"spacer.default\">\n\t\t\t\t<div class=\"elementor-widget-container\">\n\t\t\t\t\t<div class=\"elementor-spacer\">\n\t\t\t<div class=\"elementor-spacer-inner\"><\/div>\n\t\t<\/div>\n\t\t\t\t<\/div>\n\t\t\t\t<\/div>\n\t\t\t\t\t<\/div>\n\t\t<\/div>\n\t\t\t\t\t\t\t<\/div>\n\t\t<\/section>\n\t\t\t\t<section class=\"elementor-section elementor-top-section elementor-element elementor-element-5ae5c4a elementor-section-full_width elementor-section-stretched elementor-section-height-default elementor-section-height-default\" data-id=\"5ae5c4a\" data-element_type=\"section\" data-settings=\"{&quot;stretch_section&quot;:&quot;section-stretched&quot;,&quot;shape_divider_top&quot;:&quot;opacity-tilt&quot;,&quot;ekit_has_onepagescroll_dot&quot;:&quot;yes&quot;}\">\n\t\t\t\t\t<div class=\"elementor-shape elementor-shape-top\" data-negative=\"false\">\n\t\t\t<svg xmlns=\"http:\/\/www.w3.org\/2000\/svg\" viewbox=\"0 0 2600 131.1\" preserveaspectratio=\"none\">\n\t<path class=\"elementor-shape-fill\" d=\"M0 0L2600 0 2600 69.1 0 0z\"\/>\n\t<path class=\"elementor-shape-fill\" style=\"opacity:0.5\" d=\"M0 0L2600 0 2600 69.1 0 69.1z\"\/>\n\t<path class=\"elementor-shape-fill\" style=\"opacity:0.25\" d=\"M2600 0L0 0 0 130.1 2600 69.1z\"\/>\n<\/svg>\t\t<\/div>\n\t\t\t\t\t<div class=\"elementor-container elementor-column-gap-narrow\">\n\t\t\t\t\t<div class=\"elementor-column elementor-col-100 elementor-top-column elementor-element elementor-element-30f1988\" data-id=\"30f1988\" data-element_type=\"column\">\n\t\t\t<div class=\"elementor-widget-wrap elementor-element-populated\">\n\t\t\t\t\t\t\t\t<div class=\"elementor-element elementor-element-a1d4ff9 elementor-widget elementor-widget-spacer\" data-id=\"a1d4ff9\" data-element_type=\"widget\" data-settings=\"{&quot;ekit_we_effect_on&quot;:&quot;none&quot;}\" data-widget_type=\"spacer.default\">\n\t\t\t\t<div class=\"elementor-widget-container\">\n\t\t\t\t\t<div class=\"elementor-spacer\">\n\t\t\t<div class=\"elementor-spacer-inner\"><\/div>\n\t\t<\/div>\n\t\t\t\t<\/div>\n\t\t\t\t<\/div>\n\t\t\t\t\t<\/div>\n\t\t<\/div>\n\t\t\t\t\t\t\t<\/div>\n\t\t<\/section>\n\t\t\t\t<section class=\"elementor-section elementor-top-section elementor-element elementor-element-36304fb elementor-section-boxed elementor-section-height-default elementor-section-height-default\" data-id=\"36304fb\" data-element_type=\"section\" data-settings=\"{&quot;ekit_has_onepagescroll_dot&quot;:&quot;yes&quot;}\">\n\t\t\t\t\t\t<div class=\"elementor-container elementor-column-gap-default\">\n\t\t\t\t\t<div class=\"elementor-column elementor-col-100 elementor-top-column elementor-element elementor-element-31d3fb3\" data-id=\"31d3fb3\" data-element_type=\"column\">\n\t\t\t<div class=\"elementor-widget-wrap elementor-element-populated\">\n\t\t\t\t\t\t\t\t<div class=\"elementor-element elementor-element-a697871 elementor-widget elementor-widget-spacer\" data-id=\"a697871\" data-element_type=\"widget\" data-settings=\"{&quot;ekit_we_effect_on&quot;:&quot;none&quot;}\" data-widget_type=\"spacer.default\">\n\t\t\t\t<div class=\"elementor-widget-container\">\n\t\t\t\t\t<div class=\"elementor-spacer\">\n\t\t\t<div class=\"elementor-spacer-inner\"><\/div>\n\t\t<\/div>\n\t\t\t\t<\/div>\n\t\t\t\t<\/div>\n\t\t\t\t\t<\/div>\n\t\t<\/div>\n\t\t\t\t\t\t\t<\/div>\n\t\t<\/section>\n\t\t\t\t\t\t<\/div>\n\t\t\t\t\t<\/div>","protected":false},"excerpt":{"rendered":"<p>Visites &amp; Excursions Envie d\u2019une petite vir\u00e9e ? Venez d\u00e9couvrir et profiter des meilleures activit\u00e9s de Key West \u00e0 petits prix ! Nous vous accompagnons tout au long de votre s\u00e9jour pour que vous puissiez en profiter en toute s\u00e9r\u00e9nit\u00e9 ! \u00e0 partir de $68 Bateau \u00e0 fond de verre &#8211; Visite \u00e9cologique des r\u00e9cifs [&hellip;]<\/p>","protected":false},"author":1,"featured_media":5000,"parent":0,"menu_order":0,"comment_status":"closed","ping_status":"closed","template":"elementor_header_footer","meta":{"footnotes":""},"class_list":["post-4972","page","type-page","status-publish","has-post-thumbnail","hentry"],"yoast_head":"<!-- This site is optimized with the Yoast SEO plugin v24.5 - https:\/\/yoast.com\/wordpress\/plugins\/seo\/ -->\n<title>Key West | Visites &amp; Excursions | Tours | French VIP Service<\/title>\n<meta name=\"description\" content=\"Profitez des Visites &amp; Excursions de Key West, la mer en plus ! | Enjoy Key West Tours &amp; Excursions, plus the sea !\" \/>\n<meta name=\"robots\" content=\"index, follow, max-snippet:-1, max-image-preview:large, max-video-preview:-1\" \/>\n<link rel=\"canonical\" href=\"https:\/\/frenchvipservice.com\/en_us\/key-west-visites-excursions\/\" \/>\n<meta property=\"og:locale\" content=\"en_US\" \/>\n<meta property=\"og:type\" content=\"article\" \/>\n<meta property=\"og:title\" content=\"Key West | Visites &amp; Excursions | Tours | French VIP Service\" \/>\n<meta property=\"og:description\" content=\"Profitez des Visites &amp; Excursions de Key West, la mer en plus ! | Enjoy Key West Tours &amp; Excursions, plus the sea !\" \/>\n<meta property=\"og:url\" content=\"https:\/\/frenchvipservice.com\/en_us\/key-west-visites-excursions\/\" \/>\n<meta property=\"og:site_name\" content=\"French VIP Service\" \/>\n<meta property=\"article:publisher\" content=\"https:\/\/www.facebook.com\/frenchvipservice.en\" \/>\n<meta property=\"article:modified_time\" content=\"2023-01-30T10:24:57+00:00\" \/>\n<meta property=\"og:image\" content=\"https:\/\/frenchvipservice.com\/wp-content\/uploads\/2022\/09\/IMG_6150-min-scaled.jpg\" \/>\n\t<meta property=\"og:image:width\" content=\"2560\" \/>\n\t<meta property=\"og:image:height\" content=\"1707\" \/>\n\t<meta property=\"og:image:type\" content=\"image\/jpeg\" \/>\n<meta name=\"twitter:card\" content=\"summary_large_image\" \/>\n<meta name=\"twitter:title\" content=\"Key West | Visites &amp; Excursions | Tours | French VIP Service\" \/>\n<meta name=\"twitter:description\" content=\"Profitez des Visites &amp; Excursions de Key West, la mer en plus ! | Enjoy Key West Tours &amp; Excursions, plus the sea !\" \/>\n<meta name=\"twitter:image\" content=\"https:\/\/frenchvipservice.com\/wp-content\/uploads\/2022\/09\/IMG_6150-min-scaled.jpg\" \/>\n<meta name=\"twitter:label1\" content=\"Est. reading time\" \/>\n\t<meta name=\"twitter:data1\" content=\"3 minutes\" \/>\n<script type=\"application\/ld+json\" class=\"yoast-schema-graph\">{\"@context\":\"https:\/\/schema.org\",\"@graph\":[{\"@type\":\"WebPage\",\"@id\":\"https:\/\/frenchvipservice.com\/key-west-visites-excursions\/\",\"url\":\"https:\/\/frenchvipservice.com\/key-west-visites-excursions\/\",\"name\":\"Key West | Visites & Excursions | Tours | French VIP Service\",\"isPartOf\":{\"@id\":\"https:\/\/frenchvipservice.com\/#website\"},\"primaryImageOfPage\":{\"@id\":\"https:\/\/frenchvipservice.com\/key-west-visites-excursions\/#primaryimage\"},\"image\":{\"@id\":\"https:\/\/frenchvipservice.com\/key-west-visites-excursions\/#primaryimage\"},\"thumbnailUrl\":\"https:\/\/frenchvipservice.com\/wp-content\/uploads\/2022\/09\/IMG_6150-min-scaled.jpg\",\"datePublished\":\"2022-09-15T15:53:40+00:00\",\"dateModified\":\"2023-01-30T10:24:57+00:00\",\"description\":\"Profitez des Visites & Excursions de Key West, la mer en plus ! | Enjoy Key West Tours & Excursions, plus the sea !\",\"breadcrumb\":{\"@id\":\"https:\/\/frenchvipservice.com\/key-west-visites-excursions\/#breadcrumb\"},\"inLanguage\":\"en-US\",\"potentialAction\":[{\"@type\":\"ReadAction\",\"target\":[\"https:\/\/frenchvipservice.com\/key-west-visites-excursions\/\"]}]},{\"@type\":\"ImageObject\",\"inLanguage\":\"en-US\",\"@id\":\"https:\/\/frenchvipservice.com\/key-west-visites-excursions\/#primaryimage\",\"url\":\"https:\/\/frenchvipservice.com\/wp-content\/uploads\/2022\/09\/IMG_6150-min-scaled.jpg\",\"contentUrl\":\"https:\/\/frenchvipservice.com\/wp-content\/uploads\/2022\/09\/IMG_6150-min-scaled.jpg\",\"width\":2560,\"height\":1707},{\"@type\":\"BreadcrumbList\",\"@id\":\"https:\/\/frenchvipservice.com\/key-west-visites-excursions\/#breadcrumb\",\"itemListElement\":[{\"@type\":\"ListItem\",\"position\":1,\"name\":\"Accueil\",\"item\":\"https:\/\/frenchvipservice.com\/\"},{\"@type\":\"ListItem\",\"position\":2,\"name\":\"Key West | Visites &#038; Excursions\"}]},{\"@type\":\"WebSite\",\"@id\":\"https:\/\/frenchvipservice.com\/#website\",\"url\":\"https:\/\/frenchvipservice.com\/\",\"name\":\"French VIP Service\",\"description\":\"Votre bonheur. Notre Vocation\",\"publisher\":{\"@id\":\"https:\/\/frenchvipservice.com\/#organization\"},\"potentialAction\":[{\"@type\":\"SearchAction\",\"target\":{\"@type\":\"EntryPoint\",\"urlTemplate\":\"https:\/\/frenchvipservice.com\/?s={search_term_string}\"},\"query-input\":{\"@type\":\"PropertyValueSpecification\",\"valueRequired\":true,\"valueName\":\"search_term_string\"}}],\"inLanguage\":\"en-US\"},{\"@type\":\"Organization\",\"@id\":\"https:\/\/frenchvipservice.com\/#organization\",\"name\":\"French VIP Service\",\"url\":\"https:\/\/frenchvipservice.com\/\",\"logo\":{\"@type\":\"ImageObject\",\"inLanguage\":\"en-US\",\"@id\":\"https:\/\/frenchvipservice.com\/#\/schema\/logo\/image\/\",\"url\":\"https:\/\/frenchvipservice.com\/wp-content\/uploads\/2022\/10\/LOGO_Black_French-VIP-Service.png\",\"contentUrl\":\"https:\/\/frenchvipservice.com\/wp-content\/uploads\/2022\/10\/LOGO_Black_French-VIP-Service.png\",\"width\":4006,\"height\":4006,\"caption\":\"French VIP Service\"},\"image\":{\"@id\":\"https:\/\/frenchvipservice.com\/#\/schema\/logo\/image\/\"},\"sameAs\":[\"https:\/\/www.facebook.com\/frenchvipservice.en\",\"https:\/\/www.instagram.com\/frenchvipservice\/\"]}]}<\/script>\n<!-- \/ Yoast SEO plugin. -->","yoast_head_json":{"title":"Key West | Visites & Excursions | Tours | French VIP Service","description":"Profitez des Visites & Excursions de Key West, la mer en plus ! | Enjoy Key West Tours & Excursions, plus the sea !","robots":{"index":"index","follow":"follow","max-snippet":"max-snippet:-1","max-image-preview":"max-image-preview:large","max-video-preview":"max-video-preview:-1"},"canonical":"https:\/\/frenchvipservice.com\/en_us\/key-west-visites-excursions\/","og_locale":"en_US","og_type":"article","og_title":"Key West | Visites & Excursions | Tours | French VIP Service","og_description":"Profitez des Visites & Excursions de Key West, la mer en plus ! | Enjoy Key West Tours & Excursions, plus the sea !","og_url":"https:\/\/frenchvipservice.com\/en_us\/key-west-visites-excursions\/","og_site_name":"French VIP Service","article_publisher":"https:\/\/www.facebook.com\/frenchvipservice.en","article_modified_time":"2023-01-30T10:24:57+00:00","og_image":[{"width":2560,"height":1707,"url":"https:\/\/frenchvipservice.com\/wp-content\/uploads\/2022\/09\/IMG_6150-min-scaled.jpg","type":"image\/jpeg"}],"twitter_card":"summary_large_image","twitter_title":"Key West | Visites & Excursions | Tours | French VIP Service","twitter_description":"Profitez des Visites & Excursions de Key West, la mer en plus ! | Enjoy Key West Tours & Excursions, plus the sea !","twitter_image":"https:\/\/frenchvipservice.com\/wp-content\/uploads\/2022\/09\/IMG_6150-min-scaled.jpg","twitter_misc":{"Est. reading time":"3 minutes"},"schema":{"@context":"https:\/\/schema.org","@graph":[{"@type":"WebPage","@id":"https:\/\/frenchvipservice.com\/key-west-visites-excursions\/","url":"https:\/\/frenchvipservice.com\/key-west-visites-excursions\/","name":"Key West | Visites & Excursions | Tours | French VIP Service","isPartOf":{"@id":"https:\/\/frenchvipservice.com\/#website"},"primaryImageOfPage":{"@id":"https:\/\/frenchvipservice.com\/key-west-visites-excursions\/#primaryimage"},"image":{"@id":"https:\/\/frenchvipservice.com\/key-west-visites-excursions\/#primaryimage"},"thumbnailUrl":"https:\/\/frenchvipservice.com\/wp-content\/uploads\/2022\/09\/IMG_6150-min-scaled.jpg","datePublished":"2022-09-15T15:53:40+00:00","dateModified":"2023-01-30T10:24:57+00:00","description":"Profitez des Visites & Excursions de Key West, la mer en plus ! | Enjoy Key West Tours & Excursions, plus the sea !","breadcrumb":{"@id":"https:\/\/frenchvipservice.com\/key-west-visites-excursions\/#breadcrumb"},"inLanguage":"en-US","potentialAction":[{"@type":"ReadAction","target":["https:\/\/frenchvipservice.com\/key-west-visites-excursions\/"]}]},{"@type":"ImageObject","inLanguage":"en-US","@id":"https:\/\/frenchvipservice.com\/key-west-visites-excursions\/#primaryimage","url":"https:\/\/frenchvipservice.com\/wp-content\/uploads\/2022\/09\/IMG_6150-min-scaled.jpg","contentUrl":"https:\/\/frenchvipservice.com\/wp-content\/uploads\/2022\/09\/IMG_6150-min-scaled.jpg","width":2560,"height":1707},{"@type":"BreadcrumbList","@id":"https:\/\/frenchvipservice.com\/key-west-visites-excursions\/#breadcrumb","itemListElement":[{"@type":"ListItem","position":1,"name":"Accueil","item":"https:\/\/frenchvipservice.com\/"},{"@type":"ListItem","position":2,"name":"Key West | Visites &#038; Excursions"}]},{"@type":"WebSite","@id":"https:\/\/frenchvipservice.com\/#website","url":"https:\/\/frenchvipservice.com\/","name":"French VIP Service","description":"Votre bonheur. Notre Vocation","publisher":{"@id":"https:\/\/frenchvipservice.com\/#organization"},"potentialAction":[{"@type":"SearchAction","target":{"@type":"EntryPoint","urlTemplate":"https:\/\/frenchvipservice.com\/?s={search_term_string}"},"query-input":{"@type":"PropertyValueSpecification","valueRequired":true,"valueName":"search_term_string"}}],"inLanguage":"en-US"},{"@type":"Organization","@id":"https:\/\/frenchvipservice.com\/#organization","name":"French VIP Service","url":"https:\/\/frenchvipservice.com\/","logo":{"@type":"ImageObject","inLanguage":"en-US","@id":"https:\/\/frenchvipservice.com\/#\/schema\/logo\/image\/","url":"https:\/\/frenchvipservice.com\/wp-content\/uploads\/2022\/10\/LOGO_Black_French-VIP-Service.png","contentUrl":"https:\/\/frenchvipservice.com\/wp-content\/uploads\/2022\/10\/LOGO_Black_French-VIP-Service.png","width":4006,"height":4006,"caption":"French VIP Service"},"image":{"@id":"https:\/\/frenchvipservice.com\/#\/schema\/logo\/image\/"},"sameAs":["https:\/\/www.facebook.com\/frenchvipservice.en","https:\/\/www.instagram.com\/frenchvipservice\/"]}]}},"_links":{"self":[{"href":"https:\/\/frenchvipservice.com\/en_us\/wp-json\/wp\/v2\/pages\/4972","targetHints":{"allow":["GET"]}}],"collection":[{"href":"https:\/\/frenchvipservice.com\/en_us\/wp-json\/wp\/v2\/pages"}],"about":[{"href":"https:\/\/frenchvipservice.com\/en_us\/wp-json\/wp\/v2\/types\/page"}],"author":[{"embeddable":true,"href":"https:\/\/frenchvipservice.com\/en_us\/wp-json\/wp\/v2\/users\/1"}],"replies":[{"embeddable":true,"href":"https:\/\/frenchvipservice.com\/en_us\/wp-json\/wp\/v2\/comments?post=4972"}],"version-history":[{"count":6,"href":"https:\/\/frenchvipservice.com\/en_us\/wp-json\/wp\/v2\/pages\/4972\/revisions"}],"predecessor-version":[{"id":10140,"href":"https:\/\/frenchvipservice.com\/en_us\/wp-json\/wp\/v2\/pages\/4972\/revisions\/10140"}],"wp:featuredmedia":[{"embeddable":true,"href":"https:\/\/frenchvipservice.com\/en_us\/wp-json\/wp\/v2\/media\/5000"}],"wp:attachment":[{"href":"https:\/\/frenchvipservice.com\/en_us\/wp-json\/wp\/v2\/media?parent=4972"}],"curies":[{"name":"wp","href":"https:\/\/api.w.org\/{rel}","templated":true}]}}