{"id":652,"date":"2021-02-09T02:38:07","date_gmt":"2021-02-09T01:38:07","guid":{"rendered":"http:\/\/frenchvipservice.com\/?page_id=652"},"modified":"2022-09-15T17:46:07","modified_gmt":"2022-09-15T15:46:07","slug":"packages-speciaux","status":"publish","type":"page","link":"https:\/\/frenchvipservice.com\/en_us\/packages-speciaux\/","title":{"rendered":"Miami | Packages"},"content":{"rendered":"<div data-elementor-type=\"wp-page\" data-elementor-id=\"652\" class=\"elementor elementor-652\" data-elementor-settings=\"[]\">\n\t\t\t\t\t\t\t<div class=\"elementor-section-wrap\">\n\t\t\t\t\t\t\t<section class=\"elementor-section elementor-top-section elementor-element elementor-element-7962ca7d elementor-section-full_width elementor-section-stretched elementor-section-height-default elementor-section-height-default\" data-id=\"7962ca7d\" data-element_type=\"section\" data-settings=\"{&quot;stretch_section&quot;:&quot;section-stretched&quot;,&quot;background_background&quot;:&quot;classic&quot;,&quot;background_motion_fx_motion_fx_scrolling&quot;:&quot;yes&quot;,&quot;shape_divider_bottom&quot;:&quot;opacity-tilt&quot;,&quot;background_motion_fx_devices&quot;:[&quot;desktop&quot;,&quot;tablet&quot;,&quot;mobile&quot;],&quot;ekit_has_onepagescroll_dot&quot;:&quot;yes&quot;}\">\n\t\t\t\t\t\t\t<div class=\"elementor-background-overlay\"><\/div>\n\t\t\t\t\t\t<div class=\"elementor-shape elementor-shape-bottom\" data-negative=\"false\">\n\t\t\t<svg xmlns=\"http:\/\/www.w3.org\/2000\/svg\" viewbox=\"0 0 2600 131.1\" preserveaspectratio=\"none\">\n\t<path class=\"elementor-shape-fill\" d=\"M0 0L2600 0 2600 69.1 0 0z\"\/>\n\t<path class=\"elementor-shape-fill\" style=\"opacity:0.5\" d=\"M0 0L2600 0 2600 69.1 0 69.1z\"\/>\n\t<path class=\"elementor-shape-fill\" style=\"opacity:0.25\" d=\"M2600 0L0 0 0 130.1 2600 69.1z\"\/>\n<\/svg>\t\t<\/div>\n\t\t\t\t\t<div class=\"elementor-container elementor-column-gap-narrow\">\n\t\t\t\t\t<div class=\"elementor-column elementor-col-100 elementor-top-column elementor-element elementor-element-7471db46\" data-id=\"7471db46\" data-element_type=\"column\">\n\t\t\t<div class=\"elementor-widget-wrap elementor-element-populated\">\n\t\t\t\t\t\t\t\t<div class=\"elementor-element elementor-element-5fbf1153 elementor-widget elementor-widget-spacer\" data-id=\"5fbf1153\" data-element_type=\"widget\" data-settings=\"{&quot;ekit_we_effect_on&quot;:&quot;none&quot;}\" data-widget_type=\"spacer.default\">\n\t\t\t\t<div class=\"elementor-widget-container\">\n\t\t\t\t\t<div class=\"elementor-spacer\">\n\t\t\t<div class=\"elementor-spacer-inner\"><\/div>\n\t\t<\/div>\n\t\t\t\t<\/div>\n\t\t\t\t<\/div>\n\t\t\t\t<div class=\"elementor-element elementor-element-31889f28 elementor-widget elementor-widget-heading\" data-id=\"31889f28\" data-element_type=\"widget\" data-settings=\"{&quot;ekit_we_effect_on&quot;:&quot;none&quot;}\" data-widget_type=\"heading.default\">\n\t\t\t\t<div class=\"elementor-widget-container\">\n\t\t\t<h1 class=\"elementor-heading-title elementor-size-default\">Packages<\/h1>\t\t<\/div>\n\t\t\t\t<\/div>\n\t\t\t\t<div class=\"elementor-element elementor-element-51ab3da2 elementor-widget elementor-widget-spacer\" data-id=\"51ab3da2\" data-element_type=\"widget\" data-settings=\"{&quot;ekit_we_effect_on&quot;:&quot;none&quot;}\" data-widget_type=\"spacer.default\">\n\t\t\t\t<div class=\"elementor-widget-container\">\n\t\t\t\t\t<div class=\"elementor-spacer\">\n\t\t\t<div class=\"elementor-spacer-inner\"><\/div>\n\t\t<\/div>\n\t\t\t\t<\/div>\n\t\t\t\t<\/div>\n\t\t\t\t\t<\/div>\n\t\t<\/div>\n\t\t\t\t\t\t\t<\/div>\n\t\t<\/section>\n\t\t\t\t<section class=\"elementor-section elementor-top-section elementor-element elementor-element-b288d8c elementor-section-full_width elementor-section-stretched elementor-section-height-default elementor-section-height-default\" data-id=\"b288d8c\" data-element_type=\"section\" data-settings=\"{&quot;stretch_section&quot;:&quot;section-stretched&quot;,&quot;background_background&quot;:&quot;classic&quot;,&quot;ekit_has_onepagescroll_dot&quot;:&quot;yes&quot;}\">\n\t\t\t\t\t\t\t<div class=\"elementor-background-overlay\"><\/div>\n\t\t\t\t\t\t\t<div class=\"elementor-container elementor-column-gap-default\">\n\t\t\t\t\t<div class=\"elementor-column elementor-col-50 elementor-top-column elementor-element elementor-element-424a4c8\" data-id=\"424a4c8\" data-element_type=\"column\">\n\t\t\t<div class=\"elementor-widget-wrap elementor-element-populated\">\n\t\t\t\t\t\t\t\t<div class=\"elementor-element elementor-element-1799e1d elementor-widget elementor-widget-heading\" data-id=\"1799e1d\" data-element_type=\"widget\" data-settings=\"{&quot;ekit_we_effect_on&quot;:&quot;none&quot;}\" data-widget_type=\"heading.default\">\n\t\t\t\t<div class=\"elementor-widget-container\">\n\t\t\t<h5 class=\"elementor-heading-title elementor-size-default\">For groups from 3 persons and professionals only!<\/h5>\t\t<\/div>\n\t\t\t\t<\/div>\n\t\t\t\t<div class=\"elementor-element elementor-element-fac2806 elementor-widget elementor-widget-text-editor\" data-id=\"fac2806\" data-element_type=\"widget\" data-settings=\"{&quot;ekit_we_effect_on&quot;:&quot;none&quot;}\" data-widget_type=\"text-editor.default\">\n\t\t\t\t<div class=\"elementor-widget-container\">\n\t\t\t\t\t<div class=\"elementor-text-editor elementor-clearfix\"><p>Discover our different packages including many activities and animate your week while enjoying the city!<\/p><p>For 2, 3, 4 or 5 days, take advantage of our affordable activities and simplify your life!<\/p><\/div>\n\t\t\t\t<\/div>\n\t\t\t\t<\/div>\n\t\t\t\t\t<\/div>\n\t\t<\/div>\n\t\t\t\t<div class=\"elementor-column elementor-col-50 elementor-top-column elementor-element elementor-element-fa332e0\" data-id=\"fa332e0\" data-element_type=\"column\">\n\t\t\t<div class=\"elementor-widget-wrap elementor-element-populated\">\n\t\t\t\t\t\t\t\t<div class=\"elementor-element elementor-element-eb1eb9c elementor-widget elementor-widget-heading\" data-id=\"eb1eb9c\" data-element_type=\"widget\" data-settings=\"{&quot;ekit_we_effect_on&quot;:&quot;none&quot;}\" data-widget_type=\"heading.default\">\n\t\t\t\t<div class=\"elementor-widget-container\">\n\t\t\t<h5 class=\"elementor-heading-title elementor-size-default\">Travel professionals ?<\/h5>\t\t<\/div>\n\t\t\t\t<\/div>\n\t\t\t\t<div class=\"elementor-element elementor-element-3457c3b8 elementor-widget elementor-widget-text-editor\" data-id=\"3457c3b8\" data-element_type=\"widget\" data-settings=\"{&quot;ekit_we_effect_on&quot;:&quot;none&quot;}\" data-widget_type=\"text-editor.default\">\n\t\t\t\t<div class=\"elementor-widget-container\">\n\t\t\t\t\t<div class=\"elementor-text-editor elementor-clearfix\">Contact us directly by <a href=\"mailto:contact@frenchvipservice.com\">e-mail (contact@frenchvipservice.com)<\/a>, <a href=\"https:\/\/frenchvipservice.com\/en_us\/contact\/\">phone<\/a>, WhatsApp or on our social networks!<\/span><\/div>\n\t\t\t\t<\/div>\n\t\t\t\t<\/div>\n\t\t\t\t<div class=\"elementor-element elementor-element-4dd4b5aa elementor-shape-circle elementor-grid-0 e-grid-align-center elementor-widget elementor-widget-social-icons\" data-id=\"4dd4b5aa\" data-element_type=\"widget\" data-settings=\"{&quot;ekit_we_effect_on&quot;:&quot;none&quot;}\" data-widget_type=\"social-icons.default\">\n\t\t\t\t<div class=\"elementor-widget-container\">\n\t\t\t\t\t<div class=\"elementor-social-icons-wrapper elementor-grid\">\n\t\t\t\t\t\t\t<div class=\"elementor-grid-item\">\n\t\t\t\t\t<a class=\"elementor-icon elementor-social-icon elementor-social-icon-facebook elementor-animation-grow elementor-repeater-item-a780fa7\" href=\"https:\/\/www.facebook.com\/frenchvipservice.en\" target=\"_blank\">\n\t\t\t\t\t\t<span class=\"elementor-screen-only\">Facebook<\/span>\n\t\t\t\t\t\t<i class=\"fab fa-facebook\"><\/i>\t\t\t\t\t<\/a>\n\t\t\t\t<\/div>\n\t\t\t\t\t\t\t<div class=\"elementor-grid-item\">\n\t\t\t\t\t<a class=\"elementor-icon elementor-social-icon elementor-social-icon-instagram elementor-animation-grow elementor-repeater-item-b8e3985\" href=\"https:\/\/www.instagram.com\/frenchvipservice\/\" target=\"_blank\">\n\t\t\t\t\t\t<span class=\"elementor-screen-only\">Instagram<\/span>\n\t\t\t\t\t\t<i class=\"fab fa-instagram\"><\/i>\t\t\t\t\t<\/a>\n\t\t\t\t<\/div>\n\t\t\t\t\t<\/div>\n\t\t\t\t<\/div>\n\t\t\t\t<\/div>\n\t\t\t\t\t<\/div>\n\t\t<\/div>\n\t\t\t\t\t\t\t<\/div>\n\t\t<\/section>\n\t\t\t\t<section class=\"elementor-section elementor-top-section elementor-element elementor-element-28631a29 elementor-section-full_width elementor-section-stretched elementor-section-height-default elementor-section-height-default\" data-id=\"28631a29\" data-element_type=\"section\" data-settings=\"{&quot;stretch_section&quot;:&quot;section-stretched&quot;,&quot;shape_divider_top&quot;:&quot;opacity-tilt&quot;,&quot;ekit_has_onepagescroll_dot&quot;:&quot;yes&quot;}\">\n\t\t\t\t\t<div class=\"elementor-shape elementor-shape-top\" data-negative=\"false\">\n\t\t\t<svg xmlns=\"http:\/\/www.w3.org\/2000\/svg\" viewbox=\"0 0 2600 131.1\" preserveaspectratio=\"none\">\n\t<path class=\"elementor-shape-fill\" d=\"M0 0L2600 0 2600 69.1 0 0z\"\/>\n\t<path class=\"elementor-shape-fill\" style=\"opacity:0.5\" d=\"M0 0L2600 0 2600 69.1 0 69.1z\"\/>\n\t<path class=\"elementor-shape-fill\" style=\"opacity:0.25\" d=\"M2600 0L0 0 0 130.1 2600 69.1z\"\/>\n<\/svg>\t\t<\/div>\n\t\t\t\t\t<div class=\"elementor-container elementor-column-gap-narrow\">\n\t\t\t\t\t<div class=\"elementor-column elementor-col-100 elementor-top-column elementor-element elementor-element-4918f283\" data-id=\"4918f283\" data-element_type=\"column\">\n\t\t\t<div class=\"elementor-widget-wrap elementor-element-populated\">\n\t\t\t\t\t\t\t\t<div class=\"elementor-element elementor-element-682fa08f elementor-widget elementor-widget-spacer\" data-id=\"682fa08f\" data-element_type=\"widget\" data-settings=\"{&quot;ekit_we_effect_on&quot;:&quot;none&quot;}\" data-widget_type=\"spacer.default\">\n\t\t\t\t<div class=\"elementor-widget-container\">\n\t\t\t\t\t<div class=\"elementor-spacer\">\n\t\t\t<div class=\"elementor-spacer-inner\"><\/div>\n\t\t<\/div>\n\t\t\t\t<\/div>\n\t\t\t\t<\/div>\n\t\t\t\t\t<\/div>\n\t\t<\/div>\n\t\t\t\t\t\t\t<\/div>\n\t\t<\/section>\n\t\t\t\t<section class=\"elementor-section elementor-top-section elementor-element elementor-element-503ae6a elementor-section-full_width elementor-section-stretched elementor-section-height-default elementor-section-height-default\" data-id=\"503ae6a\" data-element_type=\"section\" data-settings=\"{&quot;stretch_section&quot;:&quot;section-stretched&quot;,&quot;ekit_has_onepagescroll_dot&quot;:&quot;yes&quot;}\">\n\t\t\t\t\t\t<div class=\"elementor-container elementor-column-gap-default\">\n\t\t\t\t\t<div class=\"elementor-column elementor-col-100 elementor-top-column elementor-element elementor-element-5ea82057\" data-id=\"5ea82057\" data-element_type=\"column\">\n\t\t\t<div class=\"elementor-widget-wrap elementor-element-populated\">\n\t\t\t\t\t\t\t\t<div class=\"elementor-element elementor-element-4d9b94d elementor-widget elementor-widget-shortcode\" data-id=\"4d9b94d\" data-element_type=\"widget\" data-settings=\"{&quot;ekit_we_effect_on&quot;:&quot;none&quot;}\" data-widget_type=\"shortcode.default\">\n\t\t\t\t<div class=\"elementor-widget-container\">\n\t\t\t\t\t<div class=\"elementor-shortcode\"><! --BDT | Miami | Packages-->\n<script type=\"text\/javascript\" src=\"https:\/\/widgets.bokun.io\/assets\/javascripts\/apps\/build\/BokunWidgetsLoader.js?bookingChannelUUID=1fa517f3-e0f1-4253-a912-547adf59eba3\" async><\/script>\n<div class=\"bokunWidget\" data-src=\"https:\/\/widgets.bokun.io\/online-sales\/1fa517f3-e0f1-4253-a912-547adf59eba3\/product-list\/58891\"><\/div>\n<noscript>Please enable javascript in your browser to book<\/noscript><\/div>\n\t\t\t\t<\/div>\n\t\t\t\t<\/div>\n\t\t\t\t\t<\/div>\n\t\t<\/div>\n\t\t\t\t\t\t\t<\/div>\n\t\t<\/section>\n\t\t\t\t<section class=\"elementor-section elementor-top-section elementor-element elementor-element-24875603 elementor-section-full_width elementor-section-stretched elementor-section-height-default elementor-section-height-default\" data-id=\"24875603\" data-element_type=\"section\" data-settings=\"{&quot;shape_divider_bottom&quot;:&quot;opacity-tilt&quot;,&quot;stretch_section&quot;:&quot;section-stretched&quot;,&quot;ekit_has_onepagescroll_dot&quot;:&quot;yes&quot;}\">\n\t\t\t\t\t<div class=\"elementor-shape elementor-shape-bottom\" data-negative=\"false\">\n\t\t\t<svg xmlns=\"http:\/\/www.w3.org\/2000\/svg\" viewbox=\"0 0 2600 131.1\" preserveaspectratio=\"none\">\n\t<path class=\"elementor-shape-fill\" d=\"M0 0L2600 0 2600 69.1 0 0z\"\/>\n\t<path class=\"elementor-shape-fill\" style=\"opacity:0.5\" d=\"M0 0L2600 0 2600 69.1 0 69.1z\"\/>\n\t<path class=\"elementor-shape-fill\" style=\"opacity:0.25\" d=\"M2600 0L0 0 0 130.1 2600 69.1z\"\/>\n<\/svg>\t\t<\/div>\n\t\t\t\t\t<div class=\"elementor-container elementor-column-gap-narrow\">\n\t\t\t\t\t<div class=\"elementor-column elementor-col-100 elementor-top-column elementor-element elementor-element-d7496e2\" data-id=\"d7496e2\" data-element_type=\"column\">\n\t\t\t<div class=\"elementor-widget-wrap elementor-element-populated\">\n\t\t\t\t\t\t\t\t<div class=\"elementor-element elementor-element-716b8044 elementor-widget elementor-widget-spacer\" data-id=\"716b8044\" data-element_type=\"widget\" data-settings=\"{&quot;ekit_we_effect_on&quot;:&quot;none&quot;}\" data-widget_type=\"spacer.default\">\n\t\t\t\t<div class=\"elementor-widget-container\">\n\t\t\t\t\t<div class=\"elementor-spacer\">\n\t\t\t<div class=\"elementor-spacer-inner\"><\/div>\n\t\t<\/div>\n\t\t\t\t<\/div>\n\t\t\t\t<\/div>\n\t\t\t\t\t<\/div>\n\t\t<\/div>\n\t\t\t\t\t\t\t<\/div>\n\t\t<\/section>\n\t\t\t\t<section class=\"elementor-section elementor-top-section elementor-element elementor-element-631cb8f elementor-section-full_width elementor-section-stretched elementor-section-height-default elementor-section-height-default\" data-id=\"631cb8f\" data-element_type=\"section\" data-settings=\"{&quot;stretch_section&quot;:&quot;section-stretched&quot;,&quot;shape_divider_top&quot;:&quot;opacity-tilt&quot;,&quot;ekit_has_onepagescroll_dot&quot;:&quot;yes&quot;}\">\n\t\t\t\t\t<div class=\"elementor-shape elementor-shape-top\" data-negative=\"false\">\n\t\t\t<svg xmlns=\"http:\/\/www.w3.org\/2000\/svg\" viewbox=\"0 0 2600 131.1\" preserveaspectratio=\"none\">\n\t<path class=\"elementor-shape-fill\" d=\"M0 0L2600 0 2600 69.1 0 0z\"\/>\n\t<path class=\"elementor-shape-fill\" style=\"opacity:0.5\" d=\"M0 0L2600 0 2600 69.1 0 69.1z\"\/>\n\t<path class=\"elementor-shape-fill\" style=\"opacity:0.25\" d=\"M2600 0L0 0 0 130.1 2600 69.1z\"\/>\n<\/svg>\t\t<\/div>\n\t\t\t\t\t<div class=\"elementor-container elementor-column-gap-narrow\">\n\t\t\t\t\t<div class=\"elementor-column elementor-col-100 elementor-top-column elementor-element elementor-element-d622f67\" data-id=\"d622f67\" data-element_type=\"column\">\n\t\t\t<div class=\"elementor-widget-wrap elementor-element-populated\">\n\t\t\t\t\t\t\t\t<div class=\"elementor-element elementor-element-9430fc4 elementor-widget elementor-widget-spacer\" data-id=\"9430fc4\" data-element_type=\"widget\" data-settings=\"{&quot;ekit_we_effect_on&quot;:&quot;none&quot;}\" data-widget_type=\"spacer.default\">\n\t\t\t\t<div class=\"elementor-widget-container\">\n\t\t\t\t\t<div class=\"elementor-spacer\">\n\t\t\t<div class=\"elementor-spacer-inner\"><\/div>\n\t\t<\/div>\n\t\t\t\t<\/div>\n\t\t\t\t<\/div>\n\t\t\t\t<div class=\"elementor-element elementor-element-fe4c1e6 elementor-widget elementor-widget-spacer\" data-id=\"fe4c1e6\" data-element_type=\"widget\" data-settings=\"{&quot;ekit_we_effect_on&quot;:&quot;none&quot;}\" data-widget_type=\"spacer.default\">\n\t\t\t\t<div class=\"elementor-widget-container\">\n\t\t\t\t\t<div class=\"elementor-spacer\">\n\t\t\t<div class=\"elementor-spacer-inner\"><\/div>\n\t\t<\/div>\n\t\t\t\t<\/div>\n\t\t\t\t<\/div>\n\t\t\t\t\t<\/div>\n\t\t<\/div>\n\t\t\t\t\t\t\t<\/div>\n\t\t<\/section>\n\t\t\t\t\t\t<\/div>\n\t\t\t\t\t<\/div>","protected":false},"excerpt":{"rendered":"<p>Packages Pour les groupes \u00e0 partir de 3 personnes et les professionnels uniquement ! D\u00e9couvrez nos diff\u00e9rents forfaits comprenant de nombreuses activit\u00e9s et animez votre semaine tout en profitant de la ville ! Pour 2, 3, 4 ou 5 jours, profitez de nos activit\u00e9s \u00e0 petit prix et simplifiez-vous la vie ! Professionnels du voyage [&hellip;]<\/p>","protected":false},"author":1,"featured_media":0,"parent":0,"menu_order":0,"comment_status":"closed","ping_status":"closed","template":"elementor_header_footer","meta":{"footnotes":""},"class_list":["post-652","page","type-page","status-publish","hentry"],"yoast_head":"<!-- This site is optimized with the Yoast SEO plugin v24.5 - https:\/\/yoast.com\/wordpress\/plugins\/seo\/ -->\n<title>Miami | Packages | French VIP Service<\/title>\n<meta name=\"robots\" content=\"index, follow, max-snippet:-1, max-image-preview:large, max-video-preview:-1\" \/>\n<link rel=\"canonical\" href=\"https:\/\/frenchvipservice.com\/en_us\/packages-speciaux\/\" \/>\n<meta property=\"og:locale\" content=\"en_US\" \/>\n<meta property=\"og:type\" content=\"article\" \/>\n<meta property=\"og:title\" content=\"Miami | Packages | French VIP Service\" \/>\n<meta property=\"og:description\" content=\"Packages Pour les groupes \u00e0 partir de 3 personnes et les professionnels uniquement ! D\u00e9couvrez nos diff\u00e9rents forfaits comprenant de nombreuses activit\u00e9s et animez votre semaine tout en profitant de la ville ! Pour 2, 3, 4 ou 5 jours, profitez de nos activit\u00e9s \u00e0 petit prix et simplifiez-vous la vie ! Professionnels du voyage [&hellip;]\" \/>\n<meta property=\"og:url\" content=\"https:\/\/frenchvipservice.com\/en_us\/packages-speciaux\/\" \/>\n<meta property=\"og:site_name\" content=\"French VIP Service\" \/>\n<meta property=\"article:publisher\" content=\"https:\/\/www.facebook.com\/frenchvipservice.en\" \/>\n<meta property=\"article:modified_time\" content=\"2022-09-15T15:46:07+00:00\" \/>\n<meta property=\"og:image\" content=\"https:\/\/frenchvipservice.com\/wp-content\/uploads\/2022\/10\/LOGO_Black_French-VIP-Service.png\" \/>\n\t<meta property=\"og:image:width\" content=\"4006\" \/>\n\t<meta property=\"og:image:height\" content=\"4006\" \/>\n\t<meta property=\"og:image:type\" content=\"image\/png\" \/>\n<meta name=\"twitter:card\" content=\"summary_large_image\" \/>\n<script type=\"application\/ld+json\" class=\"yoast-schema-graph\">{\"@context\":\"https:\/\/schema.org\",\"@graph\":[{\"@type\":\"WebPage\",\"@id\":\"https:\/\/frenchvipservice.com\/packages-speciaux\/\",\"url\":\"https:\/\/frenchvipservice.com\/packages-speciaux\/\",\"name\":\"Miami | Packages | French VIP Service\",\"isPartOf\":{\"@id\":\"https:\/\/frenchvipservice.com\/#website\"},\"datePublished\":\"2021-02-09T01:38:07+00:00\",\"dateModified\":\"2022-09-15T15:46:07+00:00\",\"breadcrumb\":{\"@id\":\"https:\/\/frenchvipservice.com\/packages-speciaux\/#breadcrumb\"},\"inLanguage\":\"en-US\",\"potentialAction\":[{\"@type\":\"ReadAction\",\"target\":[\"https:\/\/frenchvipservice.com\/packages-speciaux\/\"]}]},{\"@type\":\"BreadcrumbList\",\"@id\":\"https:\/\/frenchvipservice.com\/packages-speciaux\/#breadcrumb\",\"itemListElement\":[{\"@type\":\"ListItem\",\"position\":1,\"name\":\"Accueil\",\"item\":\"https:\/\/frenchvipservice.com\/\"},{\"@type\":\"ListItem\",\"position\":2,\"name\":\"Miami | Packages\"}]},{\"@type\":\"WebSite\",\"@id\":\"https:\/\/frenchvipservice.com\/#website\",\"url\":\"https:\/\/frenchvipservice.com\/\",\"name\":\"French VIP Service\",\"description\":\"Votre bonheur. Notre Vocation\",\"publisher\":{\"@id\":\"https:\/\/frenchvipservice.com\/#organization\"},\"potentialAction\":[{\"@type\":\"SearchAction\",\"target\":{\"@type\":\"EntryPoint\",\"urlTemplate\":\"https:\/\/frenchvipservice.com\/?s={search_term_string}\"},\"query-input\":{\"@type\":\"PropertyValueSpecification\",\"valueRequired\":true,\"valueName\":\"search_term_string\"}}],\"inLanguage\":\"en-US\"},{\"@type\":\"Organization\",\"@id\":\"https:\/\/frenchvipservice.com\/#organization\",\"name\":\"French VIP Service\",\"url\":\"https:\/\/frenchvipservice.com\/\",\"logo\":{\"@type\":\"ImageObject\",\"inLanguage\":\"en-US\",\"@id\":\"https:\/\/frenchvipservice.com\/#\/schema\/logo\/image\/\",\"url\":\"https:\/\/frenchvipservice.com\/wp-content\/uploads\/2022\/10\/LOGO_Black_French-VIP-Service.png\",\"contentUrl\":\"https:\/\/frenchvipservice.com\/wp-content\/uploads\/2022\/10\/LOGO_Black_French-VIP-Service.png\",\"width\":4006,\"height\":4006,\"caption\":\"French VIP Service\"},\"image\":{\"@id\":\"https:\/\/frenchvipservice.com\/#\/schema\/logo\/image\/\"},\"sameAs\":[\"https:\/\/www.facebook.com\/frenchvipservice.en\",\"https:\/\/www.instagram.com\/frenchvipservice\/\"]}]}<\/script>\n<!-- \/ Yoast SEO plugin. -->","yoast_head_json":{"title":"Miami | Packages | French VIP Service","robots":{"index":"index","follow":"follow","max-snippet":"max-snippet:-1","max-image-preview":"max-image-preview:large","max-video-preview":"max-video-preview:-1"},"canonical":"https:\/\/frenchvipservice.com\/en_us\/packages-speciaux\/","og_locale":"en_US","og_type":"article","og_title":"Miami | Packages | French VIP Service","og_description":"Packages Pour les groupes \u00e0 partir de 3 personnes et les professionnels uniquement ! D\u00e9couvrez nos diff\u00e9rents forfaits comprenant de nombreuses activit\u00e9s et animez votre semaine tout en profitant de la ville ! Pour 2, 3, 4 ou 5 jours, profitez de nos activit\u00e9s \u00e0 petit prix et simplifiez-vous la vie ! Professionnels du voyage [&hellip;]","og_url":"https:\/\/frenchvipservice.com\/en_us\/packages-speciaux\/","og_site_name":"French VIP Service","article_publisher":"https:\/\/www.facebook.com\/frenchvipservice.en","article_modified_time":"2022-09-15T15:46:07+00:00","og_image":[{"width":4006,"height":4006,"url":"https:\/\/frenchvipservice.com\/wp-content\/uploads\/2022\/10\/LOGO_Black_French-VIP-Service.png","type":"image\/png"}],"twitter_card":"summary_large_image","schema":{"@context":"https:\/\/schema.org","@graph":[{"@type":"WebPage","@id":"https:\/\/frenchvipservice.com\/packages-speciaux\/","url":"https:\/\/frenchvipservice.com\/packages-speciaux\/","name":"Miami | Packages | French VIP Service","isPartOf":{"@id":"https:\/\/frenchvipservice.com\/#website"},"datePublished":"2021-02-09T01:38:07+00:00","dateModified":"2022-09-15T15:46:07+00:00","breadcrumb":{"@id":"https:\/\/frenchvipservice.com\/packages-speciaux\/#breadcrumb"},"inLanguage":"en-US","potentialAction":[{"@type":"ReadAction","target":["https:\/\/frenchvipservice.com\/packages-speciaux\/"]}]},{"@type":"BreadcrumbList","@id":"https:\/\/frenchvipservice.com\/packages-speciaux\/#breadcrumb","itemListElement":[{"@type":"ListItem","position":1,"name":"Accueil","item":"https:\/\/frenchvipservice.com\/"},{"@type":"ListItem","position":2,"name":"Miami | Packages"}]},{"@type":"WebSite","@id":"https:\/\/frenchvipservice.com\/#website","url":"https:\/\/frenchvipservice.com\/","name":"French VIP Service","description":"Votre bonheur. Notre Vocation","publisher":{"@id":"https:\/\/frenchvipservice.com\/#organization"},"potentialAction":[{"@type":"SearchAction","target":{"@type":"EntryPoint","urlTemplate":"https:\/\/frenchvipservice.com\/?s={search_term_string}"},"query-input":{"@type":"PropertyValueSpecification","valueRequired":true,"valueName":"search_term_string"}}],"inLanguage":"en-US"},{"@type":"Organization","@id":"https:\/\/frenchvipservice.com\/#organization","name":"French VIP Service","url":"https:\/\/frenchvipservice.com\/","logo":{"@type":"ImageObject","inLanguage":"en-US","@id":"https:\/\/frenchvipservice.com\/#\/schema\/logo\/image\/","url":"https:\/\/frenchvipservice.com\/wp-content\/uploads\/2022\/10\/LOGO_Black_French-VIP-Service.png","contentUrl":"https:\/\/frenchvipservice.com\/wp-content\/uploads\/2022\/10\/LOGO_Black_French-VIP-Service.png","width":4006,"height":4006,"caption":"French VIP Service"},"image":{"@id":"https:\/\/frenchvipservice.com\/#\/schema\/logo\/image\/"},"sameAs":["https:\/\/www.facebook.com\/frenchvipservice.en","https:\/\/www.instagram.com\/frenchvipservice\/"]}]}},"_links":{"self":[{"href":"https:\/\/frenchvipservice.com\/en_us\/wp-json\/wp\/v2\/pages\/652","targetHints":{"allow":["GET"]}}],"collection":[{"href":"https:\/\/frenchvipservice.com\/en_us\/wp-json\/wp\/v2\/pages"}],"about":[{"href":"https:\/\/frenchvipservice.com\/en_us\/wp-json\/wp\/v2\/types\/page"}],"author":[{"embeddable":true,"href":"https:\/\/frenchvipservice.com\/en_us\/wp-json\/wp\/v2\/users\/1"}],"replies":[{"embeddable":true,"href":"https:\/\/frenchvipservice.com\/en_us\/wp-json\/wp\/v2\/comments?post=652"}],"version-history":[{"count":5,"href":"https:\/\/frenchvipservice.com\/en_us\/wp-json\/wp\/v2\/pages\/652\/revisions"}],"predecessor-version":[{"id":4961,"href":"https:\/\/frenchvipservice.com\/en_us\/wp-json\/wp\/v2\/pages\/652\/revisions\/4961"}],"wp:attachment":[{"href":"https:\/\/frenchvipservice.com\/en_us\/wp-json\/wp\/v2\/media?parent=652"}],"curies":[{"name":"wp","href":"https:\/\/api.w.org\/{rel}","templated":true}]}}