{"id":3262,"date":"2021-11-03T19:56:45","date_gmt":"2021-11-03T18:56:45","guid":{"rendered":"http:\/\/frenchvipservice.com\/?post_type=product&#038;p=3262"},"modified":"2021-11-03T22:18:44","modified_gmt":"2021-11-03T21:18:44","slug":"lamborghini-urus","status":"publish","type":"product","link":"https:\/\/frenchvipservice.com\/en_us\/product\/lamborghini-urus\/","title":{"rendered":"Lamborghini Urus"},"content":{"rendered":"<div data-elementor-type=\"product-post\" data-elementor-id=\"3262\" class=\"elementor elementor-3262\" data-elementor-settings=\"[]\">\n\t\t\t\t\t\t\t<div class=\"elementor-section-wrap\">\n\t\t\t\t\t\t\t<section class=\"elementor-section elementor-top-section elementor-element elementor-element-124da1fd elementor-section-full_width elementor-section-stretched elementor-section-height-default elementor-section-height-default\" data-id=\"124da1fd\" data-element_type=\"section\" data-settings=\"{&quot;stretch_section&quot;:&quot;section-stretched&quot;,&quot;ekit_has_onepagescroll_dot&quot;:&quot;yes&quot;}\">\n\t\t\t\t\t\t<div class=\"elementor-container elementor-column-gap-default\">\n\t\t\t\t\t<div class=\"elementor-column elementor-col-16 elementor-top-column elementor-element elementor-element-15703543\" data-id=\"15703543\" data-element_type=\"column\">\n\t\t\t<div class=\"elementor-widget-wrap\">\n\t\t\t\t\t\t\t\t\t<\/div>\n\t\t<\/div>\n\t\t\t\t<div class=\"elementor-column elementor-col-66 elementor-top-column elementor-element elementor-element-4ab0bd17\" data-id=\"4ab0bd17\" data-element_type=\"column\">\n\t\t\t<div class=\"elementor-widget-wrap elementor-element-populated\">\n\t\t\t\t\t\t\t\t<div class=\"elementor-element elementor-element-572c6d0e elementor-widget elementor-widget-heading\" data-id=\"572c6d0e\" data-element_type=\"widget\" data-settings=\"{&quot;ekit_we_effect_on&quot;:&quot;none&quot;}\" data-widget_type=\"heading.default\">\n\t\t\t\t<div class=\"elementor-widget-container\">\n\t\t\t<h1 class=\"elementor-heading-title elementor-size-default\">Lamborghini Urus<\/h1>\t\t<\/div>\n\t\t\t\t<\/div>\n\t\t\t\t<div class=\"elementor-element elementor-element-1093b113 elementor-widget elementor-widget-heading\" data-id=\"1093b113\" data-element_type=\"widget\" data-settings=\"{&quot;ekit_we_effect_on&quot;:&quot;none&quot;}\" data-widget_type=\"heading.default\">\n\t\t\t\t<div class=\"elementor-widget-container\">\n\t\t\t<h5 class=\"elementor-heading-title elementor-size-default\">A partir de $975<sup>\/day<\/sup><\/h5>\t\t<\/div>\n\t\t\t\t<\/div>\n\t\t\t\t\t<\/div>\n\t\t<\/div>\n\t\t\t\t<div class=\"elementor-column elementor-col-16 elementor-top-column elementor-element elementor-element-56a1f431\" data-id=\"56a1f431\" data-element_type=\"column\">\n\t\t\t<div class=\"elementor-widget-wrap\">\n\t\t\t\t\t\t\t\t\t<\/div>\n\t\t<\/div>\n\t\t\t\t\t\t\t<\/div>\n\t\t<\/section>\n\t\t\t\t<section class=\"elementor-section elementor-top-section elementor-element elementor-element-920a079 elementor-section-boxed elementor-section-height-default elementor-section-height-default\" data-id=\"920a079\" data-element_type=\"section\" data-settings=\"{&quot;ekit_has_onepagescroll_dot&quot;:&quot;yes&quot;}\">\n\t\t\t\t\t\t<div class=\"elementor-container elementor-column-gap-default\">\n\t\t\t\t\t<div class=\"elementor-column elementor-col-50 elementor-top-column elementor-element elementor-element-5a2feef2\" data-id=\"5a2feef2\" data-element_type=\"column\">\n\t\t\t<div class=\"elementor-widget-wrap\">\n\t\t\t\t\t\t\t\t\t<\/div>\n\t\t<\/div>\n\t\t\t\t<div class=\"elementor-column elementor-col-50 elementor-top-column elementor-element elementor-element-353bcf05\" data-id=\"353bcf05\" data-element_type=\"column\">\n\t\t\t<div class=\"elementor-widget-wrap elementor-element-populated\">\n\t\t\t\t\t\t\t\t<div class=\"elementor-element elementor-element-1d0ebbc elementor-widget elementor-widget-text-editor\" data-id=\"1d0ebbc\" data-element_type=\"widget\" data-settings=\"{&quot;ekit_we_effect_on&quot;:&quot;none&quot;}\" data-widget_type=\"text-editor.default\">\n\t\t\t\t<div class=\"elementor-widget-container\">\n\t\t\t\t\t<div class=\"elementor-text-editor elementor-clearfix\"><p>Profitez d&#8217;autant plus de la chaleur et des magnifiques paysages de Miami et de la Floride \u00e0 bord de cette luxueuse voiture !<\/p><p>Cette location vous offre un mod\u00e8le prestigieux pour vous d\u00e9marquer lors de vos sorties dans la ville de Miami, Orlando, Fort Lauderdale ou dans l&#8217;\u00e9tat de Floride.<\/p><\/div>\n\t\t\t\t<\/div>\n\t\t\t\t<\/div>\n\t\t\t\t<div class=\"elementor-element elementor-element-7e07a107 elementor-widget elementor-widget-html\" data-id=\"7e07a107\" data-element_type=\"widget\" data-settings=\"{&quot;ekit_we_effect_on&quot;:&quot;none&quot;}\" data-widget_type=\"html.default\">\n\t\t\t\t<div class=\"elementor-widget-container\">\n\t\t\t<p style=\"text-align: center;\">\n    <button class=\"wtrvl-checkout_button\" style=\"background-color: #009ee2; color: #ffffff; border: 0px; border-radius: 5px; font-family: 'Poppins', sans-serif; font-weight: 400; font-size: 14px; -webkit-font-smoothing: antialiased; text-transform: capitalize; padding: 13px 24px; text-decoration: none; text-align: center; line-height: 14px; display: inline-block; cursor: pointer;\">Book Now !<\/button>\n    <script src=\"https:\/\/www.wetravel.com\/assets\/embed_checkout.js\"><\/script>\n<\/p>\t\t<\/div>\n\t\t\t\t<\/div>\n\t\t\t\t<div class=\"elementor-element elementor-element-2509594f elementor-widget elementor-widget-text-editor\" data-id=\"2509594f\" data-element_type=\"widget\" data-settings=\"{&quot;ekit_we_effect_on&quot;:&quot;none&quot;}\" data-widget_type=\"text-editor.default\">\n\t\t\t\t<div class=\"elementor-widget-container\">\n\t\t\t\t\t<div class=\"elementor-text-editor elementor-clearfix\"><p>Conditions de validation de la commande pour le chauffeur et\/ou l&#8217;acheteur dans le cas d&#8217;un cadeau :<\/p><ol><li>Be in Miami or Florida at the time of order,<\/li><li>\u00catre \u00e2g\u00e9 d&#8217;au moins 26 ans pour r\u00e9server un v\u00e9hicule.<\/li><\/ol><p>If one or both conditions are not met, French VIP Service reserves the right to refuse your order and you will be refunded after verification.<\/p><\/div>\n\t\t\t\t<\/div>\n\t\t\t\t<\/div>\n\t\t\t\t<div class=\"elementor-element elementor-element-2e9438dc elementor-widget elementor-widget-html\" data-id=\"2e9438dc\" data-element_type=\"widget\" data-settings=\"{&quot;ekit_we_effect_on&quot;:&quot;none&quot;}\" data-widget_type=\"html.default\">\n\t\t\t\t<div class=\"elementor-widget-container\">\n\t\t\t<p style=\"text-align: center;\">\n    <button class=\"wtrvl-checkout_button\" style=\"background-color: #009ee2; color: #ffffff; border: 0px; border-radius: 5px; font-family: 'Poppins', sans-serif; font-weight: 400; font-size: 14px; -webkit-font-smoothing: antialiased; text-transform: capitalize; padding: 13px 24px; text-decoration: none; text-align: center; line-height: 14px; display: inline-block; cursor: pointer;\">Book Now !<\/button>\n    <script src=\"https:\/\/www.wetravel.com\/assets\/embed_checkout.js\"><\/script>\n<\/p>\t\t<\/div>\n\t\t\t\t<\/div>\n\t\t\t\t\t<\/div>\n\t\t<\/div>\n\t\t\t\t\t\t\t<\/div>\n\t\t<\/section>\n\t\t\t\t<section class=\"elementor-section elementor-top-section elementor-element elementor-element-405867be elementor-section-full_width elementor-section-stretched elementor-section-height-default elementor-section-height-default\" data-id=\"405867be\" data-element_type=\"section\" data-settings=\"{&quot;shape_divider_bottom&quot;:&quot;opacity-tilt&quot;,&quot;stretch_section&quot;:&quot;section-stretched&quot;,&quot;ekit_has_onepagescroll_dot&quot;:&quot;yes&quot;}\">\n\t\t\t\t\t<div class=\"elementor-shape elementor-shape-bottom\" data-negative=\"false\">\n\t\t\t<svg xmlns=\"http:\/\/www.w3.org\/2000\/svg\" viewbox=\"0 0 2600 131.1\" preserveaspectratio=\"none\">\n\t<path class=\"elementor-shape-fill\" d=\"M0 0L2600 0 2600 69.1 0 0z\"\/>\n\t<path class=\"elementor-shape-fill\" style=\"opacity:0.5\" d=\"M0 0L2600 0 2600 69.1 0 69.1z\"\/>\n\t<path class=\"elementor-shape-fill\" style=\"opacity:0.25\" d=\"M2600 0L0 0 0 130.1 2600 69.1z\"\/>\n<\/svg>\t\t<\/div>\n\t\t\t\t\t<div class=\"elementor-container elementor-column-gap-narrow\">\n\t\t\t\t\t<div class=\"elementor-column elementor-col-100 elementor-top-column elementor-element elementor-element-4223a1b\" data-id=\"4223a1b\" data-element_type=\"column\">\n\t\t\t<div class=\"elementor-widget-wrap elementor-element-populated\">\n\t\t\t\t\t\t\t\t<div class=\"elementor-element elementor-element-53f9d683 elementor-widget elementor-widget-spacer\" data-id=\"53f9d683\" data-element_type=\"widget\" data-settings=\"{&quot;ekit_we_effect_on&quot;:&quot;none&quot;}\" data-widget_type=\"spacer.default\">\n\t\t\t\t<div class=\"elementor-widget-container\">\n\t\t\t\t\t<div class=\"elementor-spacer\">\n\t\t\t<div class=\"elementor-spacer-inner\"><\/div>\n\t\t<\/div>\n\t\t\t\t<\/div>\n\t\t\t\t<\/div>\n\t\t\t\t\t<\/div>\n\t\t<\/div>\n\t\t\t\t\t\t\t<\/div>\n\t\t<\/section>\n\t\t\t\t<section class=\"elementor-section elementor-top-section elementor-element elementor-element-24ca1dcd elementor-section-full_width elementor-section-stretched elementor-section-height-default elementor-section-height-default\" data-id=\"24ca1dcd\" data-element_type=\"section\" data-settings=\"{&quot;stretch_section&quot;:&quot;section-stretched&quot;,&quot;background_background&quot;:&quot;classic&quot;,&quot;ekit_has_onepagescroll_dot&quot;:&quot;yes&quot;}\">\n\t\t\t\t\t\t<div class=\"elementor-container elementor-column-gap-default\">\n\t\t\t\t\t<div class=\"elementor-column elementor-col-33 elementor-top-column elementor-element elementor-element-108ea609\" data-id=\"108ea609\" data-element_type=\"column\">\n\t\t\t<div class=\"elementor-widget-wrap\">\n\t\t\t\t\t\t\t\t\t<\/div>\n\t\t<\/div>\n\t\t\t\t<div class=\"elementor-column elementor-col-33 elementor-top-column elementor-element elementor-element-49f6cb82\" data-id=\"49f6cb82\" data-element_type=\"column\">\n\t\t\t<div class=\"elementor-widget-wrap elementor-element-populated\">\n\t\t\t\t\t\t\t\t\t<\/div>\n\t\t<\/div>\n\t\t\t\t<div class=\"elementor-column elementor-col-33 elementor-top-column elementor-element elementor-element-5cecb170\" data-id=\"5cecb170\" data-element_type=\"column\">\n\t\t\t<div class=\"elementor-widget-wrap elementor-element-populated\">\n\t\t\t\t\t\t\t\t<div class=\"elementor-element elementor-element-64ac2289 elementor-shape-circle elementor-grid-0 e-grid-align-center elementor-widget elementor-widget-social-icons\" data-id=\"64ac2289\" data-element_type=\"widget\" data-settings=\"{&quot;ekit_we_effect_on&quot;:&quot;none&quot;}\" data-widget_type=\"social-icons.default\">\n\t\t\t\t<div class=\"elementor-widget-container\">\n\t\t\t\t\t<div class=\"elementor-social-icons-wrapper elementor-grid\">\n\t\t\t\t\t\t\t<div class=\"elementor-grid-item\">\n\t\t\t\t\t<a class=\"elementor-icon elementor-social-icon elementor-social-icon-facebook elementor-repeater-item-a780fa7\" href=\"https:\/\/www.facebook.com\/frenchvipservice.en\" target=\"_blank\">\n\t\t\t\t\t\t<span class=\"elementor-screen-only\">Facebook<\/span>\n\t\t\t\t\t\t<i class=\"fab fa-facebook\"><\/i>\t\t\t\t\t<\/a>\n\t\t\t\t<\/div>\n\t\t\t\t\t\t\t<div class=\"elementor-grid-item\">\n\t\t\t\t\t<a class=\"elementor-icon elementor-social-icon elementor-social-icon-instagram elementor-repeater-item-b8e3985\" href=\"https:\/\/www.instagram.com\/frenchvipservice\/\" target=\"_blank\">\n\t\t\t\t\t\t<span class=\"elementor-screen-only\">Instagram<\/span>\n\t\t\t\t\t\t<i class=\"fab fa-instagram\"><\/i>\t\t\t\t\t<\/a>\n\t\t\t\t<\/div>\n\t\t\t\t\t<\/div>\n\t\t\t\t<\/div>\n\t\t\t\t<\/div>\n\t\t\t\t\t<\/div>\n\t\t<\/div>\n\t\t\t\t\t\t\t<\/div>\n\t\t<\/section>\n\t\t\t\t<section class=\"elementor-section elementor-top-section elementor-element elementor-element-57c3365e elementor-section-full_width elementor-section-stretched elementor-section-height-default elementor-section-height-default\" data-id=\"57c3365e\" data-element_type=\"section\" data-settings=\"{&quot;stretch_section&quot;:&quot;section-stretched&quot;,&quot;shape_divider_top&quot;:&quot;opacity-tilt&quot;,&quot;ekit_has_onepagescroll_dot&quot;:&quot;yes&quot;}\">\n\t\t\t\t\t<div class=\"elementor-shape elementor-shape-top\" data-negative=\"false\">\n\t\t\t<svg xmlns=\"http:\/\/www.w3.org\/2000\/svg\" viewbox=\"0 0 2600 131.1\" preserveaspectratio=\"none\">\n\t<path class=\"elementor-shape-fill\" d=\"M0 0L2600 0 2600 69.1 0 0z\"\/>\n\t<path class=\"elementor-shape-fill\" style=\"opacity:0.5\" d=\"M0 0L2600 0 2600 69.1 0 69.1z\"\/>\n\t<path class=\"elementor-shape-fill\" style=\"opacity:0.25\" d=\"M2600 0L0 0 0 130.1 2600 69.1z\"\/>\n<\/svg>\t\t<\/div>\n\t\t\t\t\t<div class=\"elementor-container elementor-column-gap-narrow\">\n\t\t\t\t\t<div class=\"elementor-column elementor-col-100 elementor-top-column elementor-element elementor-element-51415f44\" data-id=\"51415f44\" data-element_type=\"column\">\n\t\t\t<div class=\"elementor-widget-wrap elementor-element-populated\">\n\t\t\t\t\t\t\t\t<div class=\"elementor-element elementor-element-175dce43 elementor-widget elementor-widget-spacer\" data-id=\"175dce43\" data-element_type=\"widget\" data-settings=\"{&quot;ekit_we_effect_on&quot;:&quot;none&quot;}\" data-widget_type=\"spacer.default\">\n\t\t\t\t<div class=\"elementor-widget-container\">\n\t\t\t\t\t<div class=\"elementor-spacer\">\n\t\t\t<div class=\"elementor-spacer-inner\"><\/div>\n\t\t<\/div>\n\t\t\t\t<\/div>\n\t\t\t\t<\/div>\n\t\t\t\t\t<\/div>\n\t\t<\/div>\n\t\t\t\t\t\t\t<\/div>\n\t\t<\/section>\n\t\t\t\t<section class=\"elementor-section elementor-top-section elementor-element elementor-element-7150ecee elementor-section-boxed elementor-section-height-default elementor-section-height-default\" data-id=\"7150ecee\" data-element_type=\"section\" data-settings=\"{&quot;ekit_has_onepagescroll_dot&quot;:&quot;yes&quot;}\">\n\t\t\t\t\t\t<div class=\"elementor-container elementor-column-gap-default\">\n\t\t\t\t\t<div class=\"elementor-column elementor-col-16 elementor-top-column elementor-element elementor-element-3174d666\" data-id=\"3174d666\" data-element_type=\"column\">\n\t\t\t<div class=\"elementor-widget-wrap\">\n\t\t\t\t\t\t\t\t\t<\/div>\n\t\t<\/div>\n\t\t\t\t<div class=\"elementor-column elementor-col-66 elementor-top-column elementor-element elementor-element-43c5b4d9\" data-id=\"43c5b4d9\" data-element_type=\"column\">\n\t\t\t<div class=\"elementor-widget-wrap elementor-element-populated\">\n\t\t\t\t\t\t\t\t<div class=\"elementor-element elementor-element-2a59a6d2 elementor-widget elementor-widget-heading\" data-id=\"2a59a6d2\" data-element_type=\"widget\" data-settings=\"{&quot;ekit_we_effect_on&quot;:&quot;none&quot;}\" data-widget_type=\"heading.default\">\n\t\t\t\t<div class=\"elementor-widget-container\">\n\t\t\t<h2 class=\"elementor-heading-title elementor-size-xl\">Activit\u00e9s li\u00e9es<\/h2>\t\t<\/div>\n\t\t\t\t<\/div>\n\t\t\t\t\t<\/div>\n\t\t<\/div>\n\t\t\t\t<div class=\"elementor-column elementor-col-16 elementor-top-column elementor-element elementor-element-38b76c0\" data-id=\"38b76c0\" data-element_type=\"column\">\n\t\t\t<div class=\"elementor-widget-wrap\">\n\t\t\t\t\t\t\t\t\t<\/div>\n\t\t<\/div>\n\t\t\t\t\t\t\t<\/div>\n\t\t<\/section>\n\t\t\t\t<section class=\"elementor-section elementor-top-section elementor-element elementor-element-1ea5a31 elementor-section-full_width elementor-section-stretched elementor-section-height-default elementor-section-height-default\" data-id=\"1ea5a31\" data-element_type=\"section\" data-settings=\"{&quot;shape_divider_bottom&quot;:&quot;opacity-tilt&quot;,&quot;stretch_section&quot;:&quot;section-stretched&quot;,&quot;ekit_has_onepagescroll_dot&quot;:&quot;yes&quot;}\">\n\t\t\t\t\t<div class=\"elementor-shape elementor-shape-bottom\" data-negative=\"false\">\n\t\t\t<svg xmlns=\"http:\/\/www.w3.org\/2000\/svg\" viewbox=\"0 0 2600 131.1\" preserveaspectratio=\"none\">\n\t<path class=\"elementor-shape-fill\" d=\"M0 0L2600 0 2600 69.1 0 0z\"\/>\n\t<path class=\"elementor-shape-fill\" style=\"opacity:0.5\" d=\"M0 0L2600 0 2600 69.1 0 69.1z\"\/>\n\t<path class=\"elementor-shape-fill\" style=\"opacity:0.25\" d=\"M2600 0L0 0 0 130.1 2600 69.1z\"\/>\n<\/svg>\t\t<\/div>\n\t\t\t\t\t<div class=\"elementor-container elementor-column-gap-narrow\">\n\t\t\t\t\t<div class=\"elementor-column elementor-col-100 elementor-top-column elementor-element elementor-element-76f3b2d1\" data-id=\"76f3b2d1\" data-element_type=\"column\">\n\t\t\t<div class=\"elementor-widget-wrap elementor-element-populated\">\n\t\t\t\t\t\t\t\t<div class=\"elementor-element elementor-element-5da2795c elementor-widget elementor-widget-spacer\" data-id=\"5da2795c\" data-element_type=\"widget\" data-settings=\"{&quot;ekit_we_effect_on&quot;:&quot;none&quot;}\" data-widget_type=\"spacer.default\">\n\t\t\t\t<div class=\"elementor-widget-container\">\n\t\t\t\t\t<div class=\"elementor-spacer\">\n\t\t\t<div class=\"elementor-spacer-inner\"><\/div>\n\t\t<\/div>\n\t\t\t\t<\/div>\n\t\t\t\t<\/div>\n\t\t\t\t\t<\/div>\n\t\t<\/div>\n\t\t\t\t\t\t\t<\/div>\n\t\t<\/section>\n\t\t\t\t\t\t<\/div>\n\t\t\t\t\t<\/div>","protected":false},"excerpt":{"rendered":"<p>Lamborghini Urus A partir de $975\/jour Profitez d&#8217;autant plus de la chaleur et des magnifiques paysages de Miami et de la Floride \u00e0 bord de cette luxueuse voiture ! Cette location vous offre un mod\u00e8le prestigieux pour vous d\u00e9marquer lors de vos sorties dans la ville de Miami, Orlando, Fort Lauderdale ou dans l&#8217;\u00e9tat de [&hellip;]<\/p>","protected":false},"featured_media":0,"template":"elementor_header_footer","meta":[],"product_brand":[],"product_cat":[31,25],"product_tag":[],"class_list":{"0":"post-3262","1":"product","2":"type-product","3":"status-publish","5":"product_cat-locations","6":"product_cat-voitures-de-luxe","8":"first","9":"instock","10":"shipping-taxable","11":"product-type-simple"},"yoast_head":"<!-- This site is optimized with the Yoast SEO plugin v24.5 - https:\/\/yoast.com\/wordpress\/plugins\/seo\/ -->\n<title>Lamborghini Urus | French VIP Service<\/title>\n<meta name=\"robots\" content=\"index, follow, max-snippet:-1, max-image-preview:large, max-video-preview:-1\" \/>\n<link rel=\"canonical\" href=\"https:\/\/frenchvipservice.com\/en_us\/product\/lamborghini-urus\/\" \/>\n<meta property=\"og:locale\" content=\"en_US\" \/>\n<meta property=\"og:type\" content=\"article\" \/>\n<meta property=\"og:title\" content=\"Lamborghini Urus | French VIP Service\" \/>\n<meta property=\"og:description\" content=\"Lamborghini Urus A partir de $975\/jour Profitez d&#8217;autant plus de la chaleur et des magnifiques paysages de Miami et de la Floride \u00e0 bord de cette luxueuse voiture ! Cette location vous offre un mod\u00e8le prestigieux pour vous d\u00e9marquer lors de vos sorties dans la ville de Miami, Orlando, Fort Lauderdale ou dans l&#8217;\u00e9tat de [&hellip;]\" \/>\n<meta property=\"og:url\" content=\"https:\/\/frenchvipservice.com\/en_us\/product\/lamborghini-urus\/\" \/>\n<meta property=\"og:site_name\" content=\"French VIP Service\" \/>\n<meta property=\"article:publisher\" content=\"https:\/\/www.facebook.com\/frenchvipservice.en\" \/>\n<meta property=\"article:modified_time\" content=\"2021-11-03T21:18:44+00:00\" \/>\n<meta property=\"og:image\" content=\"http:\/\/frenchvipservice.com\/wp-content\/uploads\/2021\/11\/Lamborghini-Urus_0.jpeg\" \/>\n<meta name=\"twitter:card\" content=\"summary_large_image\" \/>\n<meta name=\"twitter:label1\" content=\"Est. reading time\" \/>\n\t<meta name=\"twitter:data1\" content=\"1 minute\" \/>\n<script type=\"application\/ld+json\" class=\"yoast-schema-graph\">{\"@context\":\"https:\/\/schema.org\",\"@graph\":[{\"@type\":\"WebPage\",\"@id\":\"https:\/\/frenchvipservice.com\/product\/lamborghini-urus\/\",\"url\":\"https:\/\/frenchvipservice.com\/product\/lamborghini-urus\/\",\"name\":\"Lamborghini Urus | French VIP Service\",\"isPartOf\":{\"@id\":\"https:\/\/frenchvipservice.com\/#website\"},\"primaryImageOfPage\":{\"@id\":\"https:\/\/frenchvipservice.com\/product\/lamborghini-urus\/#primaryimage\"},\"image\":{\"@id\":\"https:\/\/frenchvipservice.com\/product\/lamborghini-urus\/#primaryimage\"},\"thumbnailUrl\":\"http:\/\/frenchvipservice.com\/wp-content\/uploads\/2021\/11\/Lamborghini-Urus_0.jpeg\",\"datePublished\":\"2021-11-03T18:56:45+00:00\",\"dateModified\":\"2021-11-03T21:18:44+00:00\",\"breadcrumb\":{\"@id\":\"https:\/\/frenchvipservice.com\/product\/lamborghini-urus\/#breadcrumb\"},\"inLanguage\":\"en-US\",\"potentialAction\":[{\"@type\":\"ReadAction\",\"target\":[\"https:\/\/frenchvipservice.com\/product\/lamborghini-urus\/\"]}]},{\"@type\":\"ImageObject\",\"inLanguage\":\"en-US\",\"@id\":\"https:\/\/frenchvipservice.com\/product\/lamborghini-urus\/#primaryimage\",\"url\":\"http:\/\/frenchvipservice.com\/wp-content\/uploads\/2021\/11\/Lamborghini-Urus_0.jpeg\",\"contentUrl\":\"http:\/\/frenchvipservice.com\/wp-content\/uploads\/2021\/11\/Lamborghini-Urus_0.jpeg\"},{\"@type\":\"BreadcrumbList\",\"@id\":\"https:\/\/frenchvipservice.com\/product\/lamborghini-urus\/#breadcrumb\",\"itemListElement\":[{\"@type\":\"ListItem\",\"position\":1,\"name\":\"Accueil\",\"item\":\"https:\/\/frenchvipservice.com\/\"},{\"@type\":\"ListItem\",\"position\":2,\"name\":\"Lamborghini Urus\"}]},{\"@type\":\"WebSite\",\"@id\":\"https:\/\/frenchvipservice.com\/#website\",\"url\":\"https:\/\/frenchvipservice.com\/\",\"name\":\"French VIP Service\",\"description\":\"Votre bonheur. Notre Vocation\",\"publisher\":{\"@id\":\"https:\/\/frenchvipservice.com\/#organization\"},\"potentialAction\":[{\"@type\":\"SearchAction\",\"target\":{\"@type\":\"EntryPoint\",\"urlTemplate\":\"https:\/\/frenchvipservice.com\/?s={search_term_string}\"},\"query-input\":{\"@type\":\"PropertyValueSpecification\",\"valueRequired\":true,\"valueName\":\"search_term_string\"}}],\"inLanguage\":\"en-US\"},{\"@type\":\"Organization\",\"@id\":\"https:\/\/frenchvipservice.com\/#organization\",\"name\":\"French VIP Service\",\"url\":\"https:\/\/frenchvipservice.com\/\",\"logo\":{\"@type\":\"ImageObject\",\"inLanguage\":\"en-US\",\"@id\":\"https:\/\/frenchvipservice.com\/#\/schema\/logo\/image\/\",\"url\":\"https:\/\/frenchvipservice.com\/wp-content\/uploads\/2022\/10\/LOGO_Black_French-VIP-Service.png\",\"contentUrl\":\"https:\/\/frenchvipservice.com\/wp-content\/uploads\/2022\/10\/LOGO_Black_French-VIP-Service.png\",\"width\":4006,\"height\":4006,\"caption\":\"French VIP Service\"},\"image\":{\"@id\":\"https:\/\/frenchvipservice.com\/#\/schema\/logo\/image\/\"},\"sameAs\":[\"https:\/\/www.facebook.com\/frenchvipservice.en\",\"https:\/\/www.instagram.com\/frenchvipservice\/\"]}]}<\/script>\n<!-- \/ Yoast SEO plugin. -->","yoast_head_json":{"title":"Lamborghini Urus | French VIP Service","robots":{"index":"index","follow":"follow","max-snippet":"max-snippet:-1","max-image-preview":"max-image-preview:large","max-video-preview":"max-video-preview:-1"},"canonical":"https:\/\/frenchvipservice.com\/en_us\/product\/lamborghini-urus\/","og_locale":"en_US","og_type":"article","og_title":"Lamborghini Urus | French VIP Service","og_description":"Lamborghini Urus A partir de $975\/jour Profitez d&#8217;autant plus de la chaleur et des magnifiques paysages de Miami et de la Floride \u00e0 bord de cette luxueuse voiture ! Cette location vous offre un mod\u00e8le prestigieux pour vous d\u00e9marquer lors de vos sorties dans la ville de Miami, Orlando, Fort Lauderdale ou dans l&#8217;\u00e9tat de [&hellip;]","og_url":"https:\/\/frenchvipservice.com\/en_us\/product\/lamborghini-urus\/","og_site_name":"French VIP Service","article_publisher":"https:\/\/www.facebook.com\/frenchvipservice.en","article_modified_time":"2021-11-03T21:18:44+00:00","og_image":[{"url":"http:\/\/frenchvipservice.com\/wp-content\/uploads\/2021\/11\/Lamborghini-Urus_0.jpeg","type":"","width":"","height":""}],"twitter_card":"summary_large_image","twitter_misc":{"Est. reading time":"1 minute"},"schema":{"@context":"https:\/\/schema.org","@graph":[{"@type":"WebPage","@id":"https:\/\/frenchvipservice.com\/product\/lamborghini-urus\/","url":"https:\/\/frenchvipservice.com\/product\/lamborghini-urus\/","name":"Lamborghini Urus | French VIP Service","isPartOf":{"@id":"https:\/\/frenchvipservice.com\/#website"},"primaryImageOfPage":{"@id":"https:\/\/frenchvipservice.com\/product\/lamborghini-urus\/#primaryimage"},"image":{"@id":"https:\/\/frenchvipservice.com\/product\/lamborghini-urus\/#primaryimage"},"thumbnailUrl":"http:\/\/frenchvipservice.com\/wp-content\/uploads\/2021\/11\/Lamborghini-Urus_0.jpeg","datePublished":"2021-11-03T18:56:45+00:00","dateModified":"2021-11-03T21:18:44+00:00","breadcrumb":{"@id":"https:\/\/frenchvipservice.com\/product\/lamborghini-urus\/#breadcrumb"},"inLanguage":"en-US","potentialAction":[{"@type":"ReadAction","target":["https:\/\/frenchvipservice.com\/product\/lamborghini-urus\/"]}]},{"@type":"ImageObject","inLanguage":"en-US","@id":"https:\/\/frenchvipservice.com\/product\/lamborghini-urus\/#primaryimage","url":"http:\/\/frenchvipservice.com\/wp-content\/uploads\/2021\/11\/Lamborghini-Urus_0.jpeg","contentUrl":"http:\/\/frenchvipservice.com\/wp-content\/uploads\/2021\/11\/Lamborghini-Urus_0.jpeg"},{"@type":"BreadcrumbList","@id":"https:\/\/frenchvipservice.com\/product\/lamborghini-urus\/#breadcrumb","itemListElement":[{"@type":"ListItem","position":1,"name":"Accueil","item":"https:\/\/frenchvipservice.com\/"},{"@type":"ListItem","position":2,"name":"Lamborghini Urus"}]},{"@type":"WebSite","@id":"https:\/\/frenchvipservice.com\/#website","url":"https:\/\/frenchvipservice.com\/","name":"French VIP Service","description":"Votre bonheur. Notre Vocation","publisher":{"@id":"https:\/\/frenchvipservice.com\/#organization"},"potentialAction":[{"@type":"SearchAction","target":{"@type":"EntryPoint","urlTemplate":"https:\/\/frenchvipservice.com\/?s={search_term_string}"},"query-input":{"@type":"PropertyValueSpecification","valueRequired":true,"valueName":"search_term_string"}}],"inLanguage":"en-US"},{"@type":"Organization","@id":"https:\/\/frenchvipservice.com\/#organization","name":"French VIP Service","url":"https:\/\/frenchvipservice.com\/","logo":{"@type":"ImageObject","inLanguage":"en-US","@id":"https:\/\/frenchvipservice.com\/#\/schema\/logo\/image\/","url":"https:\/\/frenchvipservice.com\/wp-content\/uploads\/2022\/10\/LOGO_Black_French-VIP-Service.png","contentUrl":"https:\/\/frenchvipservice.com\/wp-content\/uploads\/2022\/10\/LOGO_Black_French-VIP-Service.png","width":4006,"height":4006,"caption":"French VIP Service"},"image":{"@id":"https:\/\/frenchvipservice.com\/#\/schema\/logo\/image\/"},"sameAs":["https:\/\/www.facebook.com\/frenchvipservice.en","https:\/\/www.instagram.com\/frenchvipservice\/"]}]}},"_links":{"self":[{"href":"https:\/\/frenchvipservice.com\/en_us\/wp-json\/wp\/v2\/product\/3262","targetHints":{"allow":["GET"]}}],"collection":[{"href":"https:\/\/frenchvipservice.com\/en_us\/wp-json\/wp\/v2\/product"}],"about":[{"href":"https:\/\/frenchvipservice.com\/en_us\/wp-json\/wp\/v2\/types\/product"}],"wp:attachment":[{"href":"https:\/\/frenchvipservice.com\/en_us\/wp-json\/wp\/v2\/media?parent=3262"}],"wp:term":[{"taxonomy":"product_brand","embeddable":true,"href":"https:\/\/frenchvipservice.com\/en_us\/wp-json\/wp\/v2\/product_brand?post=3262"},{"taxonomy":"product_cat","embeddable":true,"href":"https:\/\/frenchvipservice.com\/en_us\/wp-json\/wp\/v2\/product_cat?post=3262"},{"taxonomy":"product_tag","embeddable":true,"href":"https:\/\/frenchvipservice.com\/en_us\/wp-json\/wp\/v2\/product_tag?post=3262"}],"curies":[{"name":"wp","href":"https:\/\/api.w.org\/{rel}","templated":true}]}}